{"id":383,"date":"2018-03-22T09:31:32","date_gmt":"2018-03-22T08:31:32","guid":{"rendered":"http:\/\/ftg-pfungstadt-fussball.de\/sportakrobatik\/?page_id=383"},"modified":"2024-03-03T13:29:44","modified_gmt":"2024-03-03T12:29:44","slug":"akrokids","status":"publish","type":"page","link":"https:\/\/ftg-pfungstadt-sportakrobatik.de\/?page_id=383","title":{"rendered":"Akrokids"},"content":{"rendered":"<h5><strong>Freitag 16:00 &#8211; 17:30 Uhr<\/strong><br \/>\n<strong>Trainerinnen: Nele und Merle Cajan<\/strong><\/h5>\n<p>Akrokids (Akro = Abk\u00fcrzung f\u00fcr Akrobatik!):<\/p>\n<ul>\n<li>Kinder ab 6 Jahren<\/li>\n<li>Gruppengr\u00f6\u00dfe: ca. 15 Sportler<\/li>\n<li>Training: 1x 1,5 Std \/Woche<\/li>\n<li>Auftritte bei verschiedenen Veranstaltungen<\/li>\n<li>Wichtig ist hier die Zuverl\u00e4ssigkeit: regelm\u00e4\u00dfiges Erscheinen im Training ist<br \/>\nVoraussetzung.<\/li>\n<li>Sonderbeitrag: 7,50\u20ac\/Monat zus\u00e4tzlich zum Vereins- und Abteilungsbeitrag<br \/>\n(Abbuchung per SEPA-Lastschriftmandat)<\/li>\n<\/ul>\n<p>F\u00fcr Kinder ab 6 Jahren, die Lust haben ihr akrobatisches K\u00f6nnen an verschiedenen Auftritten zu zeigen. Es werden akrobatische Elemente ge\u00fcbt, individuelle &amp; Partner- &amp; Gruppenelemente, sowie eine Choreografie einstudiert.<\/p>\n<div class=\"vce-row-container\">\n<div id=\"el-deaa8169\" class=\"vce-row vce-row--col-gap-30 vce-row-columns--top vce-row-content--top\" data-vce-do-apply=\"all el-deaa8169\">\n<div class=\"vce-row-content\" data-vce-element-content=\"true\">\n<div id=\"el-91c6c551\" class=\"vce-col vce-col--md-auto vce-col--xs-1 vce-col--xs-last vce-col--xs-first vce-col--sm-last vce-col--sm-first vce-col--md-last vce-col--lg-last vce-col--xl-last vce-col--md-first vce-col--lg-first vce-col--xl-first\" data-vce-do-apply=\"background border el-91c6c551\">\n<div class=\"vce-col-inner\" data-vce-element-content=\"true\" data-vce-do-apply=\"padding margin el-91c6c551\">\n<div class=\"vce-single-image-container vce-single-image--align-left\">\n<div id=\"el-29ff2236\" class=\"vce vce-single-image-wrapper\" data-vce-do-apply=\"all el-29ff2236\">\n<div class=\"vce-single-image-inner\"><\/div>\n<div><\/div>\n<\/div>\n<\/div>\n<\/div>\n<\/div>\n<\/div>\n<\/div>\n<\/div>\n<p><!--vcv no format--><\/p>\n","protected":false},"excerpt":{"rendered":"<p>Freitag 16:00 &#8211; 17:30 Uhr Trainerinnen: Nele und Merle Cajan Akrokids (Akro = Abk\u00fcrzung f\u00fcr Akrobatik!): Kinder ab 6 Jahren Gruppengr\u00f6\u00dfe: ca. 15 Sportler Training: 1x 1,5 Std \/Woche Auftritte bei verschiedenen Veranstaltungen Wichtig ist hier die Zuverl\u00e4ssigkeit: regelm\u00e4\u00dfiges Erscheinen im Training ist Voraussetzung. Sonderbeitrag: 7,50\u20ac\/Monat zus\u00e4tzlich zum Vereins- und Abteilungsbeitrag (Abbuchung per SEPA-Lastschriftmandat) F\u00fcr [&hellip;]<\/p>\n","protected":false},"author":1,"featured_media":0,"parent":0,"menu_order":0,"comment_status":"closed","ping_status":"closed","template":"","meta":{"footnotes":""},"class_list":["post-383","page","type-page","status-publish","hentry"],"_links":{"self":[{"href":"https:\/\/ftg-pfungstadt-sportakrobatik.de\/index.php?rest_route=\/wp\/v2\/pages\/383","targetHints":{"allow":["GET"]}}],"collection":[{"href":"https:\/\/ftg-pfungstadt-sportakrobatik.de\/index.php?rest_route=\/wp\/v2\/pages"}],"about":[{"href":"https:\/\/ftg-pfungstadt-sportakrobatik.de\/index.php?rest_route=\/wp\/v2\/types\/page"}],"author":[{"embeddable":true,"href":"https:\/\/ftg-pfungstadt-sportakrobatik.de\/index.php?rest_route=\/wp\/v2\/users\/1"}],"replies":[{"embeddable":true,"href":"https:\/\/ftg-pfungstadt-sportakrobatik.de\/index.php?rest_route=%2Fwp%2Fv2%2Fcomments&post=383"}],"version-history":[{"count":18,"href":"https:\/\/ftg-pfungstadt-sportakrobatik.de\/index.php?rest_route=\/wp\/v2\/pages\/383\/revisions"}],"predecessor-version":[{"id":6203,"href":"https:\/\/ftg-pfungstadt-sportakrobatik.de\/index.php?rest_route=\/wp\/v2\/pages\/383\/revisions\/6203"}],"wp:attachment":[{"href":"https:\/\/ftg-pfungstadt-sportakrobatik.de\/index.php?rest_route=%2Fwp%2Fv2%2Fmedia&parent=383"}],"curies":[{"name":"wp","href":"https:\/\/api.w.org\/{rel}","templated":true}]}}