{"id":4049,"date":"2020-01-10T10:47:02","date_gmt":"2020-01-10T09:47:02","guid":{"rendered":"http:\/\/ftg-pfungstadt-sportakrobatik.de\/?page_id=4049"},"modified":"2020-01-10T11:16:31","modified_gmt":"2020-01-10T10:16:31","slug":"fotoshooting-am-21-12-2019-mit-michael-bihn-2","status":"publish","type":"page","link":"https:\/\/ftg-pfungstadt-sportakrobatik.de\/?page_id=4049","title":{"rendered":"Fotoshooting am 21.12.2019 mit Michael Bihn"},"content":{"rendered":"<p>Wir bedanken uns ganz herzlich f\u00fcr das tolle Fotoshooting mit Michael Bihn.<br \/>\nDanke, f\u00fcr die tollen Bilder! Wir stehen gerne wieder f\u00fcr ein Shooting zur Verf\u00fcgung!<\/p>\n<p><a href=\"http:\/\/ftg-pfungstadt-sportakrobatik.de\/?page_id=3947\" target=\"_blank\" rel=\"noopener noreferrer\">Fotoshooting Teil 1<\/a><br \/>\n<a href=\"http:\/\/ftg-pfungstadt-sportakrobatik.de\/?page_id=4051\" target=\"_blank\" rel=\"noopener noreferrer\">Fotoshooting Teil 2<\/a><br \/>\n<a href=\"http:\/\/ftg-pfungstadt-sportakrobatik.de\/?page_id=4093\" target=\"_blank\" rel=\"noopener noreferrer\">Fotoshooting Teil 3<\/a><\/p>\n","protected":false},"excerpt":{"rendered":"<p>Wir bedanken uns ganz herzlich f\u00fcr das tolle Fotoshooting mit Michael Bihn. Danke, f\u00fcr die tollen Bilder! Wir stehen gerne wieder f\u00fcr ein Shooting zur Verf\u00fcgung! Fotoshooting Teil 1 Fotoshooting Teil 2 Fotoshooting Teil 3<\/p>\n","protected":false},"author":3,"featured_media":0,"parent":0,"menu_order":0,"comment_status":"closed","ping_status":"closed","template":"","meta":{"footnotes":""},"class_list":["post-4049","page","type-page","status-publish","hentry"],"_links":{"self":[{"href":"https:\/\/ftg-pfungstadt-sportakrobatik.de\/index.php?rest_route=\/wp\/v2\/pages\/4049","targetHints":{"allow":["GET"]}}],"collection":[{"href":"https:\/\/ftg-pfungstadt-sportakrobatik.de\/index.php?rest_route=\/wp\/v2\/pages"}],"about":[{"href":"https:\/\/ftg-pfungstadt-sportakrobatik.de\/index.php?rest_route=\/wp\/v2\/types\/page"}],"author":[{"embeddable":true,"href":"https:\/\/ftg-pfungstadt-sportakrobatik.de\/index.php?rest_route=\/wp\/v2\/users\/3"}],"replies":[{"embeddable":true,"href":"https:\/\/ftg-pfungstadt-sportakrobatik.de\/index.php?rest_route=%2Fwp%2Fv2%2Fcomments&post=4049"}],"version-history":[{"count":2,"href":"https:\/\/ftg-pfungstadt-sportakrobatik.de\/index.php?rest_route=\/wp\/v2\/pages\/4049\/revisions"}],"predecessor-version":[{"id":4177,"href":"https:\/\/ftg-pfungstadt-sportakrobatik.de\/index.php?rest_route=\/wp\/v2\/pages\/4049\/revisions\/4177"}],"wp:attachment":[{"href":"https:\/\/ftg-pfungstadt-sportakrobatik.de\/index.php?rest_route=%2Fwp%2Fv2%2Fmedia&parent=4049"}],"curies":[{"name":"wp","href":"https:\/\/api.w.org\/{rel}","templated":true}]}}