{"id":42,"date":"2018-02-23T16:02:16","date_gmt":"2018-02-23T15:02:16","guid":{"rendered":"http:\/\/ftg-pfungstadt-fussball.de\/sportakrobatik\/?page_id=42"},"modified":"2024-03-21T10:14:44","modified_gmt":"2024-03-21T09:14:44","slug":"mitglied-werden","status":"publish","type":"page","link":"https:\/\/ftg-pfungstadt-sportakrobatik.de\/?page_id=42","title":{"rendered":"Mitgliedschaft"},"content":{"rendered":"\r\n<div class=\"vce-row-container\">\r\n<div id=\"el-d8902972\" class=\"vce-row vce-row--col-gap-30 vce-row-columns--top vce-row-content--top\" data-vce-do-apply=\"all el-d8902972\">\r\n<div class=\"vce-row-content\" data-vce-element-content=\"true\">\r\n<div id=\"el-2846b3b1\" class=\"vce-col vce-col--md-100p vce-col--xs-1 vce-col--xs-last vce-col--xs-first vce-col--sm-last vce-col--sm-first vce-col--md-last vce-col--lg-last vce-col--xl-last vce-col--md-first vce-col--lg-first vce-col--xl-first\">\r\n<div class=\"vce-col-inner\" data-vce-do-apply=\"border margin background el-2846b3b1\">\r\n<div class=\"vce-col-content\" data-vce-element-content=\"true\" data-vce-do-apply=\"padding el-2846b3b1\">\r\n<div class=\"vce-text-block\">\r\n<div id=\"el-edc99398\" class=\"vce-text-block-wrapper vce\" data-vce-do-apply=\"all el-edc99398\">\r\n<p align=\"center\"><strong>Werden Sie auch Mitglied bei der FTG Pfungstadt!<\/strong><\/p>\r\nLaden Sie sich einfach das untenstehende Anmeldeformular der Abteilung herunter, in die Sie eintreten m\u00f6chten!\r\nWenn Sie die passive Mitgliedschaft beantragen m\u00f6chten, empfehlen wir Ihnen den Mitgliedsantrag der Abteilung \u201eHauptverein\u201c, somit sparen Sie sich die etwaigen Sonderbeitr\u00e4ge der einzelnen Abteilungen! Sie k\u00f6nnen aber auch als passives Mitglied in die Abteilungen mit Sonderbeitrag eintreten, so k\u00f6nnen Sie mit einem geringen Beitrag die gew\u00fcnschte Abteilung unterst\u00fctzen.\r\nMit dem passiven Mitgliedschaft ist es aber nicht m\u00f6glich, in einer Abteilung aktiv Sport zu betreiben, dies m\u00fcssen Sie der Mitgliederverwaltung mitteilen!\r\n\r\nWir w\u00fcrden uns freuen, Sie als neues Mitglied in unserem Verein begr\u00fc\u00dfen zu d\u00fcrfen!\r\n\r\nDen ausgef\u00fcllten Antrag werfen Sie bitte in den Briefkasten oder senden Sie ihn mit der Post an folgende Adresse:\r\n<p style=\"text-align: center;\" align=\"center\"><strong>Freie Turngemeinde 1900 e.V. Pfungstadt\r\n<\/strong>Mitgliederverwaltung\r\nz.Hd. Frau Becker- Hillemann\r\nDr. Horst- Schmidt- Str. 16-18\r\nD- 64319 Pfungstadt<\/p>\r\n<p style=\"text-align: center;\" align=\"center\"><a href=\"https:\/\/ftg-pfungstadt-sportakrobatik.de\/wp-content\/uploads\/2024\/03\/Anm_Sportakrobatik_V7_01.02.2024.pdf\" target=\"_blank\" rel=\"noopener noreferrer\">Mitgliedsantrag Sportakrobatik und Breitensport<\/a><\/p>\r\n<p style=\"text-align: center;\"><a href=\"https:\/\/ftg-pfungstadt-sportakrobatik.de\/wp-content\/uploads\/2024\/03\/FTG_Anm_Sportakrobatik_022024.pdf\" target=\"_blank\" rel=\"noopener noreferrer\"><span style=\"font-size: 15px;\">FTG Beitragsanpassungsformular 14.02.2023<\/span><\/a><\/p>\r\n<p style=\"text-align: center;\" align=\"center\"><a href=\"https:\/\/ftg-pfungstadt-sportakrobatik.de\/wp-content\/uploads\/2018\/02\/Ummeldung.pdf\" target=\"_blank\" rel=\"noopener noreferrer\">Ummelde Formular<\/a><\/p>\r\n<p style=\"text-align: center;\"><span id=\"cn-notice-text\" class=\"cn-text-container\" style=\"color: #ffffff; background-color: #000000;\">Diese Website benutzt Cookies. Wenn du die Website weiter nutzt, gehen wir von deinem Einverst\u00e4ndnis aus.<\/span><span id=\"cn-notice-buttons\" class=\"cn-buttons-container\" style=\"color: #ffffff; background-color: #000000;\"><a id=\"cn-accept-cookie\" class=\"cn-set-cookie cn-button wp-default button\" href=\"#\" data-cookie-set=\"accept\" aria-label=\"OK\">OK<\/a><a id=\"cn-more-info\" class=\"cn-more-info cn-button wp-default button\" href=\"?page_id=897\" target=\"_blank\" rel=\"noopener noreferrer\" aria-label=\"Weitere Informationen\">Weitere Informationen<\/a><\/span><\/p>\r\n\r\n<div id=\"cookie-notice\" class=\"cookie-notice-hidden cookie-revoke-hidden cn-position-bottom\" style=\"background-color: rgba(0,0,0,1);\" role=\"banner\" aria-label=\"Cookie Notice\">\r\n<div class=\"cookie-notice-container\" style=\"color: #fff;\"><\/div>\r\n<\/div>\r\n<\/div>\r\n<\/div>\r\n<\/div>\r\n<\/div>\r\n<\/div>\r\n<\/div>\r\n<\/div>\r\n<\/div>\r\n\n","protected":false},"excerpt":{"rendered":"<p>Werden Sie auch Mitglied bei der FTG Pfungstadt! Laden Sie sich einfach das untenstehende Anmeldeformular der Abteilung herunter, in die Sie eintreten m\u00f6chten! Wenn Sie die passive Mitgliedschaft beantragen m\u00f6chten, empfehlen wir Ihnen den Mitgliedsantrag der Abteilung \u201eHauptverein\u201c, somit sparen Sie sich die etwaigen Sonderbeitr\u00e4ge der einzelnen Abteilungen! Sie k\u00f6nnen aber auch als passives Mitglied [&hellip;]<\/p>\n","protected":false},"author":1,"featured_media":0,"parent":0,"menu_order":0,"comment_status":"closed","ping_status":"closed","template":"","meta":{"footnotes":""},"class_list":["post-42","page","type-page","status-publish","hentry"],"_links":{"self":[{"href":"https:\/\/ftg-pfungstadt-sportakrobatik.de\/index.php?rest_route=\/wp\/v2\/pages\/42","targetHints":{"allow":["GET"]}}],"collection":[{"href":"https:\/\/ftg-pfungstadt-sportakrobatik.de\/index.php?rest_route=\/wp\/v2\/pages"}],"about":[{"href":"https:\/\/ftg-pfungstadt-sportakrobatik.de\/index.php?rest_route=\/wp\/v2\/types\/page"}],"author":[{"embeddable":true,"href":"https:\/\/ftg-pfungstadt-sportakrobatik.de\/index.php?rest_route=\/wp\/v2\/users\/1"}],"replies":[{"embeddable":true,"href":"https:\/\/ftg-pfungstadt-sportakrobatik.de\/index.php?rest_route=%2Fwp%2Fv2%2Fcomments&post=42"}],"version-history":[{"count":22,"href":"https:\/\/ftg-pfungstadt-sportakrobatik.de\/index.php?rest_route=\/wp\/v2\/pages\/42\/revisions"}],"predecessor-version":[{"id":6227,"href":"https:\/\/ftg-pfungstadt-sportakrobatik.de\/index.php?rest_route=\/wp\/v2\/pages\/42\/revisions\/6227"}],"wp:attachment":[{"href":"https:\/\/ftg-pfungstadt-sportakrobatik.de\/index.php?rest_route=%2Fwp%2Fv2%2Fmedia&parent=42"}],"curies":[{"name":"wp","href":"https:\/\/api.w.org\/{rel}","templated":true}]}}