{"id":48,"date":"2018-02-23T16:02:51","date_gmt":"2018-02-23T15:02:51","guid":{"rendered":"http:\/\/ftg-pfungstadt-fussball.de\/sportakrobatik\/?page_id=48"},"modified":"2018-05-30T08:27:09","modified_gmt":"2018-05-30T06:27:09","slug":"impressum","status":"publish","type":"page","link":"https:\/\/ftg-pfungstadt-sportakrobatik.de\/?page_id=48","title":{"rendered":"Impressum"},"content":{"rendered":"<p><b><span style=\"font-family: Arial; font-size: small;\">Impressum<\/span><\/b><\/p>\n<p><span style=\"font-family: Arial; font-size: small;\">Die FTG 1900 e.V. Pfungstadt ist f\u00fcr die Inhalte der Internetseite selbst verantwortlich.<br \/>\nF\u00fcr Fehlerhafte Daten, Termine, Ergebnisse und Formulare wird keinerlei Haftung \u00fcbernommen.<\/span><\/p>\n<p><strong>Hinweis:<br \/>\n<\/strong>Mit Urteil vom 12. Mai 1998 &#8211; 312 O 85\/98 &#8211; Haftung f\u00fcr Links hat das Landgericht Hamburg entschieden, dass man durch die Anbringung eines Links, die Inhalte der gelinkten Seite ggf. mit zu verantworten hat. Dies kann nur dadurch verhindert werden, dass man sich ausdr\u00fccklich von diesen Inhalten distanziert.<\/p>\n<p><b><span style=\"color: #ff0000; font-family: Arial; font-size: small;\">&#8222;Hiermit distanzieren wir uns ausdr\u00fccklich von allen Inhalten aller gelinkten Seiten auf unserer Homepage und machen uns diese Inhalte nicht zu eigen. Diese Erkl\u00e4rung gilt f\u00fcr alle auf der Homepage angebrachten Links.&#8220;<\/span><\/b><\/p>\n<p><b><span style=\"font-family: Arial; font-size: small;\">Kontakt:<\/span><\/b><\/p>\n<table border=\"0\" width=\"100%\">\n<tbody>\n<tr>\n<td width=\"50%\" height=\"19\"><b><span style=\"font-family: Arial; font-size: small;\">Freie Turngemeinde 1900 e.V. Pfungstadt<\/span><\/b><\/td>\n<\/tr>\n<tr>\n<td width=\"50%\" height=\"19\"><span style=\"font-family: Arial; font-size: small;\">-Gesch\u00e4ftsstelle &#8211; Abt. Sportakrobatik\u00a0<\/span><\/td>\n<\/tr>\n<tr>\n<td width=\"50%\" height=\"19\"><span style=\"font-family: Arial; font-size: small;\">Dr. Horst- Schmidt- Str. 16-18<\/span><\/td>\n<\/tr>\n<tr>\n<td width=\"50%\" height=\"19\"><span style=\"font-family: Arial; font-size: small;\">D- 64319 Pfungstadt<\/span><\/td>\n<\/tr>\n<tr>\n<td width=\"50%\" height=\"19\"><span style=\"font-family: Arial; font-size: small;\">Tel.: 06157 7130<\/span><\/td>\n<\/tr>\n<tr>\n<td width=\"50%\" height=\"14\"><span style=\"font-family: Arial; font-size: small;\">Fax: 06157 86770<\/span><\/td>\n<\/tr>\n<\/tbody>\n<\/table>\n<p>&nbsp;<\/p>\n<p>E-Mail:\u00a0<a href=\"mailto:sport.akro@ftgpfungstadt.de\">sport.akro@ftgpfungstadt.de<\/a><\/p>\n<p>E-Mail:\u00a0<a href=\"mailto:sportakrobatik@ftgpfungstadt.de\">sportakrobatik@ftgpfungstadt.de<\/a><\/p>\n","protected":false},"excerpt":{"rendered":"<p>Impressum Die FTG 1900 e.V. Pfungstadt ist f\u00fcr die Inhalte der Internetseite selbst verantwortlich. F\u00fcr Fehlerhafte Daten, Termine, Ergebnisse und Formulare wird keinerlei Haftung \u00fcbernommen. Hinweis: Mit Urteil vom 12. Mai 1998 &#8211; 312 O 85\/98 &#8211; Haftung f\u00fcr Links hat das Landgericht Hamburg entschieden, dass man durch die Anbringung eines Links, die Inhalte der [&hellip;]<\/p>\n","protected":false},"author":1,"featured_media":0,"parent":0,"menu_order":0,"comment_status":"closed","ping_status":"closed","template":"","meta":{"footnotes":""},"class_list":["post-48","page","type-page","status-publish","hentry"],"_links":{"self":[{"href":"https:\/\/ftg-pfungstadt-sportakrobatik.de\/index.php?rest_route=\/wp\/v2\/pages\/48","targetHints":{"allow":["GET"]}}],"collection":[{"href":"https:\/\/ftg-pfungstadt-sportakrobatik.de\/index.php?rest_route=\/wp\/v2\/pages"}],"about":[{"href":"https:\/\/ftg-pfungstadt-sportakrobatik.de\/index.php?rest_route=\/wp\/v2\/types\/page"}],"author":[{"embeddable":true,"href":"https:\/\/ftg-pfungstadt-sportakrobatik.de\/index.php?rest_route=\/wp\/v2\/users\/1"}],"replies":[{"embeddable":true,"href":"https:\/\/ftg-pfungstadt-sportakrobatik.de\/index.php?rest_route=%2Fwp%2Fv2%2Fcomments&post=48"}],"version-history":[{"count":3,"href":"https:\/\/ftg-pfungstadt-sportakrobatik.de\/index.php?rest_route=\/wp\/v2\/pages\/48\/revisions"}],"predecessor-version":[{"id":927,"href":"https:\/\/ftg-pfungstadt-sportakrobatik.de\/index.php?rest_route=\/wp\/v2\/pages\/48\/revisions\/927"}],"wp:attachment":[{"href":"https:\/\/ftg-pfungstadt-sportakrobatik.de\/index.php?rest_route=%2Fwp%2Fv2%2Fmedia&parent=48"}],"curies":[{"name":"wp","href":"https:\/\/api.w.org\/{rel}","templated":true}]}}