{"id":6186,"date":"2024-03-03T12:56:30","date_gmt":"2024-03-03T11:56:30","guid":{"rendered":"https:\/\/ftg-pfungstadt-sportakrobatik.de\/?page_id=6186"},"modified":"2024-03-03T13:28:23","modified_gmt":"2024-03-03T12:28:23","slug":"turngruppe-7-10-jahre","status":"publish","type":"page","link":"https:\/\/ftg-pfungstadt-sportakrobatik.de\/?page_id=6186","title":{"rendered":"Turngruppe 7-10 Jahre"},"content":{"rendered":"<h5><strong>Mittwoch 16:30 &#8211; 17:15 Uhr<br \/>\nSamstag: 11:00 &#8211; 11:45 Uhr<br \/>\n<\/strong><strong>Trainer: Mittwoch &#8211; Judith Rapp, Samstag &#8211; Bea Cajan<\/strong><\/h5>\n<p>Purzel \/ Sparte Turnen:<\/p>\n<ul>\n<li>Kinder von 7-10 Jahren, keine Vorkenntnisse n\u00f6tig<\/li>\n<li>Gruppengr\u00f6\u00dfe: max. 15 Kinder<\/li>\n<li>Training: 45 Minuten \/ Woche<\/li>\n<li>Vereinsinterner Wettkampf: Kinderolympiade, 1x pro Jahr<\/li>\n<\/ul>\n<p>F\u00fcr Kinder die Spa\u00df an Bewegung haben und einfache akrobatische Elemente erlernen m\u00f6chten, sowie den eigenen K\u00f6rper bewusster wahrnehmen und seinen F\u00e4higkeiten vertrauen wollen. Dabei werden auch Hand-Auge-Koordination, Gleichgewichtssinn, Teamf\u00e4higkeit und K\u00f6rperbeherrschung gef\u00f6rdert.<\/p>\n","protected":false},"excerpt":{"rendered":"<p>Mittwoch 16:30 &#8211; 17:15 Uhr Samstag: 11:00 &#8211; 11:45 Uhr Trainer: Mittwoch &#8211; Judith Rapp, Samstag &#8211; Bea Cajan Purzel \/ Sparte Turnen: Kinder von 7-10 Jahren, keine Vorkenntnisse n\u00f6tig Gruppengr\u00f6\u00dfe: max. 15 Kinder Training: 45 Minuten \/ Woche Vereinsinterner Wettkampf: Kinderolympiade, 1x pro Jahr F\u00fcr Kinder die Spa\u00df an Bewegung haben und einfache akrobatische [&hellip;]<\/p>\n","protected":false},"author":3,"featured_media":0,"parent":0,"menu_order":0,"comment_status":"closed","ping_status":"closed","template":"","meta":{"footnotes":""},"class_list":["post-6186","page","type-page","status-publish","hentry"],"_links":{"self":[{"href":"https:\/\/ftg-pfungstadt-sportakrobatik.de\/index.php?rest_route=\/wp\/v2\/pages\/6186","targetHints":{"allow":["GET"]}}],"collection":[{"href":"https:\/\/ftg-pfungstadt-sportakrobatik.de\/index.php?rest_route=\/wp\/v2\/pages"}],"about":[{"href":"https:\/\/ftg-pfungstadt-sportakrobatik.de\/index.php?rest_route=\/wp\/v2\/types\/page"}],"author":[{"embeddable":true,"href":"https:\/\/ftg-pfungstadt-sportakrobatik.de\/index.php?rest_route=\/wp\/v2\/users\/3"}],"replies":[{"embeddable":true,"href":"https:\/\/ftg-pfungstadt-sportakrobatik.de\/index.php?rest_route=%2Fwp%2Fv2%2Fcomments&post=6186"}],"version-history":[{"count":3,"href":"https:\/\/ftg-pfungstadt-sportakrobatik.de\/index.php?rest_route=\/wp\/v2\/pages\/6186\/revisions"}],"predecessor-version":[{"id":6201,"href":"https:\/\/ftg-pfungstadt-sportakrobatik.de\/index.php?rest_route=\/wp\/v2\/pages\/6186\/revisions\/6201"}],"wp:attachment":[{"href":"https:\/\/ftg-pfungstadt-sportakrobatik.de\/index.php?rest_route=%2Fwp%2Fv2%2Fmedia&parent=6186"}],"curies":[{"name":"wp","href":"https:\/\/api.w.org\/{rel}","templated":true}]}}