{"id":6196,"date":"2024-03-03T13:26:26","date_gmt":"2024-03-03T12:26:26","guid":{"rendered":"https:\/\/ftg-pfungstadt-sportakrobatik.de\/?page_id=6196"},"modified":"2024-03-03T13:26:41","modified_gmt":"2024-03-03T12:26:41","slug":"nachwuchsgruppe","status":"publish","type":"page","link":"https:\/\/ftg-pfungstadt-sportakrobatik.de\/?page_id=6196","title":{"rendered":"Nachwuchsgruppe"},"content":{"rendered":"<p><strong>Mittwoch: 17:30 &#8211; 19:30 Uhr<\/strong><br \/>\n<strong>Freitag: 17:30 \u2013 19:30 Uhr<\/strong><\/p>\n<h5><strong>Trainer: Laura Knauer, Timo Link<\/strong><\/h5>\n<p>Die Nachwuchsgruppe (WKK) trainiert auf zwei Wettk\u00e4mpfe im Jahr hin, welche in Mainz stattfinden. Sie turnen au dem Nachwuchskatalog (WKK1) oder aus dem ToD (WKK2).<\/p>\n<p>In der Nachwuchsgruppe sind Kinder &amp; Jugendliche ab 6 Jahren, welche Spa\u00df am &amp; Disziplin f\u00fcr Wettkampfsport haben, jedoch &#8222;eingeschr\u00e4nkt&#8220; sind (Alter, K\u00f6nnen, Wollen).<\/p>\n","protected":false},"excerpt":{"rendered":"<p>Mittwoch: 17:30 &#8211; 19:30 Uhr Freitag: 17:30 \u2013 19:30 Uhr Trainer: Laura Knauer, Timo Link Die Nachwuchsgruppe (WKK) trainiert auf zwei Wettk\u00e4mpfe im Jahr hin, welche in Mainz stattfinden. Sie turnen au dem Nachwuchskatalog (WKK1) oder aus dem ToD (WKK2). In der Nachwuchsgruppe sind Kinder &amp; Jugendliche ab 6 Jahren, welche Spa\u00df am &amp; Disziplin [&hellip;]<\/p>\n","protected":false},"author":3,"featured_media":0,"parent":0,"menu_order":0,"comment_status":"closed","ping_status":"closed","template":"","meta":{"footnotes":""},"class_list":["post-6196","page","type-page","status-publish","hentry"],"_links":{"self":[{"href":"https:\/\/ftg-pfungstadt-sportakrobatik.de\/index.php?rest_route=\/wp\/v2\/pages\/6196","targetHints":{"allow":["GET"]}}],"collection":[{"href":"https:\/\/ftg-pfungstadt-sportakrobatik.de\/index.php?rest_route=\/wp\/v2\/pages"}],"about":[{"href":"https:\/\/ftg-pfungstadt-sportakrobatik.de\/index.php?rest_route=\/wp\/v2\/types\/page"}],"author":[{"embeddable":true,"href":"https:\/\/ftg-pfungstadt-sportakrobatik.de\/index.php?rest_route=\/wp\/v2\/users\/3"}],"replies":[{"embeddable":true,"href":"https:\/\/ftg-pfungstadt-sportakrobatik.de\/index.php?rest_route=%2Fwp%2Fv2%2Fcomments&post=6196"}],"version-history":[{"count":2,"href":"https:\/\/ftg-pfungstadt-sportakrobatik.de\/index.php?rest_route=\/wp\/v2\/pages\/6196\/revisions"}],"predecessor-version":[{"id":6198,"href":"https:\/\/ftg-pfungstadt-sportakrobatik.de\/index.php?rest_route=\/wp\/v2\/pages\/6196\/revisions\/6198"}],"wp:attachment":[{"href":"https:\/\/ftg-pfungstadt-sportakrobatik.de\/index.php?rest_route=%2Fwp%2Fv2%2Fmedia&parent=6196"}],"curies":[{"name":"wp","href":"https:\/\/api.w.org\/{rel}","templated":true}]}}