{"id":897,"date":"2018-05-23T13:50:59","date_gmt":"2018-05-23T11:50:59","guid":{"rendered":"http:\/\/ftg-pfungstadt-sportakrobatik.de\/?page_id=897"},"modified":"2020-03-10T10:57:38","modified_gmt":"2020-03-10T09:57:38","slug":"datenschutz","status":"publish","type":"page","link":"https:\/\/ftg-pfungstadt-sportakrobatik.de\/?page_id=897","title":{"rendered":"Datenschutz"},"content":{"rendered":"<header class=\"entry-header\">\n<h1 class=\"entry-title\">Datenschutz<\/h1>\n<p><strong>Kontakt<br \/>\n<\/strong>Freie Turngemeinde 1900 e.V. Pfungstadt<br \/>\nGesch\u00e4ftsstelle \u2013 Abt. Sportakrobatik<br \/>\nDr. Horst-Schmidt-Str.\u00a0 16-18<br \/>\n64319 Pfungstadt<br \/>\nTel.: 06157\/7130<br \/>\nFax: 06157 \u2013 86770<\/p>\n<p>E-Mail:\u00a0<a href=\"mailto:sport.akro@ftgpfungstadt.de\">sport.akro@ftgpfungstadt.de<\/a><br \/>\nE-Mail:\u00a0<a href=\"mailto:sportakrobatik@ftgpfungstadt.de\">sportakrobatik@ftgpfungstadt.de<\/a><\/p>\n<p>Den kompletten Datenschutzhinweis finden Sie hier: <a href=\"http:\/\/www.ftgpfungstadt.de\/impressum.html?view=datenschutz\">Datenschutzhinweis<\/a><\/p>\n<p>Bei Fragen zum Datenschutz kontaktieren Sie bitte Herrn Rico <a href=\"mailto:a.rico@ftgpfungstadt.de\">a.rico@ftgpfungstadt.de<\/a><\/p>\n<\/header>\n<div class=\"entry-content\">\n<div class=\"entry\">\n<p><strong>Datenschutzerkl\u00e4rung f\u00fcr die Nutzung von Facebook-Plugins (Like-Button)<br \/>\n<\/strong>Auf unseren Seiten sind Plugins des sozialen Netzwerks Facebook, Anbieter Facebook Inc., 1 Hacker Way, Menlo Park, California 94025, USA, integriert. Die Facebook-Plugins erkennen Sie an dem Facebook-Logo oder dem \u201eLike-Button\u201c (\u201eGef\u00e4llt mir\u201c) auf unserer Seite. Eine \u00dcbersicht \u00fcber die Facebook-Plugins finden Sie hier:\u00a0<a href=\"http:\/\/developers.facebook.com\/docs\/plugins\/\">http:\/\/developers.facebook.com\/docs\/plugins\/<\/a>.<\/p>\n<p>Wenn Sie unsere Seiten besuchen, wird \u00fcber das Plugin eine direkte Verbindung zwischen Ihrem Browser und dem Facebook-Server hergestellt. Facebook erh\u00e4lt dadurch die Information, dass Sie mit Ihrer IP-Adresse unsere Seite besucht haben. Wenn Sie den Facebook \u201eLike-Button\u201c anklicken w\u00e4hrend Sie in Ihrem Facebook-Account eingeloggt sind, k\u00f6nnen Sie die Inhalte unserer Seiten auf Ihrem Facebook-Profil verlinken. Dadurch kann Facebook den Besuch unserer Seiten Ihrem Benutzerkonto zuordnen. Wir weisen darauf hin, dass wir als Anbieter der Seiten keine Kenntnis vom Inhalt der \u00fcbermittelten Daten sowie deren Nutzung durch Facebook erhalten. Weitere Informationen hierzu finden Sie in der Datenschutzerkl\u00e4rung von Facebook unter\u00a0<a href=\"http:\/\/de-de.facebook.com\/policy.php\">http:\/\/de-de.facebook.com\/policy.php<\/a>.<\/p>\n<p>Wenn Sie nicht w\u00fcnschen, dass Facebook den Besuch unserer Seiten Ihrem Facebook- Nutzerkonto zuordnen kann, loggen Sie sich bitte aus Ihrem Facebook-Benutzerkonto aus.<\/p>\n<p><strong>Datenschutzerkl\u00e4rung f\u00fcr die Nutzung von YouTube<br \/>\n<\/strong>Unsere Webseite nutzt Plugins der von Google betriebenen Seite YouTube. Betreiber der Seiten ist die YouTube, LLC, 901 Cherry Ave., San Bruno, CA 94066, USA. Wenn Sie eine unserer mit einem YouTube-Plugin ausgestatteten Seiten besuchen, wird eine Verbindung zu den Servern von YouTube hergestellt. Dabei wird dem Youtube-Server mitgeteilt, welche unserer Seiten Sie besucht haben.<br \/>\nWenn Sie in Ihrem YouTube-Account eingeloggt sind erm\u00f6glichen Sie YouTube, Ihr Surfverhalten direkt Ihrem pers\u00f6nlichen Profil zuzuordnen. Dies k\u00f6nnen Sie verhindern, indem Sie sich aus Ihrem YouTube-Account ausloggen.<\/p>\n<p>Weitere Informationen zum Umgang von Nutzerdaten finden Sie in der Datenschutzerkl\u00e4rung von YouTube unter\u00a0<a href=\"https:\/\/www.google.de\/intl\/de\/policies\/privacy\">https:\/\/www.google.de\/intl\/de\/policies\/privacy<\/a><\/p>\n<p><strong>reCAPTCHA von Google LLC<br \/>\n<\/strong>Um automatisierte Zugriffe, z.B. durch sog. \u201eBots\u201c, auf diese Webseite zu vermeiden, setzen wir Google reCAPTCHA ein. reCAPTCHA ist ein Internet-Dienst der Google LLC, 1600 Amphitheatre Parkway, Mountain View, CA 94043 USA (nachfolgend \u201eGoogle\u201c genannt).<\/p>\n<p>Google garantiert, dass die EU Datenschutzvorgaben auch bei der Verarbeitung von Daten in den USA\u00a0 eingehalten werden; dies wird belegt durch die Zertifizierung von Google nach dem EU-US-Datenschutzschild:\u00a0<a href=\"https:\/\/www.privacyshield.gov\/participant?id=a2zt000000001L5AAI&amp;status=Active\" target=\"_blank\" rel=\"noopener noreferrer\">https:\/\/www.privacyshield.gov\/participant?id=a2zt000000001L5AAI&amp;status=Active<\/a><\/p>\n<p>Durch den reCAPTCHA-Dienst kann Google insbesondere folgendes ermitteln: (i) von welcher Webseite wurde eine Anfrage gesendet, und (ii) von welcher IP-Adresse wurde die sog. reCAPTCHA-Eingabebox verwendet. Neben der IP-Adresse werden unter Umst\u00e4nden noch weitere Informationen durch Google erfasst, die f\u00fcr Funktion des Dienstes notwendig sind.<\/p>\n<p>Rechtsgrundlage f\u00fcr den Einsatz dieses Dienstes ist Art. 6 Abs. 1 Buchstabe f der Datenschutzgrundverordnung (DSGVO). Es besteht von unserer und Nutzerseite ein berechtigtes Interesse an der Sicherheit dieser Webseite, insbesondere an der Abwehr unerw\u00fcnschter automatisierter Zugriffe, u.a. in Form von Spam.<\/p>\n<p>Weitergehende Informationen zu dem Umgang mit Nutzerdaten durch Google finden sich unter:\u00a0<a href=\"https:\/\/policies.google.com\/privacy\" target=\"_blank\" rel=\"noopener noreferrer\">https:\/\/policies.google.com\/privacy<\/a><\/p>\n<\/div>\n<\/div>\n","protected":false},"excerpt":{"rendered":"<p>Datenschutz Kontakt Freie Turngemeinde 1900 e.V. Pfungstadt Gesch\u00e4ftsstelle \u2013 Abt. Sportakrobatik Dr. Horst-Schmidt-Str.\u00a0 16-18 64319 Pfungstadt Tel.: 06157\/7130 Fax: 06157 \u2013 86770 E-Mail:\u00a0sport.akro@ftgpfungstadt.de E-Mail:\u00a0sportakrobatik@ftgpfungstadt.de Den kompletten Datenschutzhinweis finden Sie hier: Datenschutzhinweis Bei Fragen zum Datenschutz kontaktieren Sie bitte Herrn Rico a.rico@ftgpfungstadt.de Datenschutzerkl\u00e4rung f\u00fcr die Nutzung von Facebook-Plugins (Like-Button) Auf unseren Seiten sind Plugins des sozialen [&hellip;]<\/p>\n","protected":false},"author":2,"featured_media":0,"parent":0,"menu_order":0,"comment_status":"closed","ping_status":"closed","template":"","meta":{"footnotes":""},"class_list":["post-897","page","type-page","status-publish","hentry"],"_links":{"self":[{"href":"https:\/\/ftg-pfungstadt-sportakrobatik.de\/index.php?rest_route=\/wp\/v2\/pages\/897","targetHints":{"allow":["GET"]}}],"collection":[{"href":"https:\/\/ftg-pfungstadt-sportakrobatik.de\/index.php?rest_route=\/wp\/v2\/pages"}],"about":[{"href":"https:\/\/ftg-pfungstadt-sportakrobatik.de\/index.php?rest_route=\/wp\/v2\/types\/page"}],"author":[{"embeddable":true,"href":"https:\/\/ftg-pfungstadt-sportakrobatik.de\/index.php?rest_route=\/wp\/v2\/users\/2"}],"replies":[{"embeddable":true,"href":"https:\/\/ftg-pfungstadt-sportakrobatik.de\/index.php?rest_route=%2Fwp%2Fv2%2Fcomments&post=897"}],"version-history":[{"count":4,"href":"https:\/\/ftg-pfungstadt-sportakrobatik.de\/index.php?rest_route=\/wp\/v2\/pages\/897\/revisions"}],"predecessor-version":[{"id":4250,"href":"https:\/\/ftg-pfungstadt-sportakrobatik.de\/index.php?rest_route=\/wp\/v2\/pages\/897\/revisions\/4250"}],"wp:attachment":[{"href":"https:\/\/ftg-pfungstadt-sportakrobatik.de\/index.php?rest_route=%2Fwp%2Fv2%2Fmedia&parent=897"}],"curies":[{"name":"wp","href":"https:\/\/api.w.org\/{rel}","templated":true}]}}